{"id":63,"date":"2025-01-28T14:37:32","date_gmt":"2025-01-28T12:37:32","guid":{"rendered":"https:\/\/pre.cdev.ee\/ensol\/approach\/"},"modified":"2026-02-25T15:21:00","modified_gmt":"2026-02-25T13:21:00","slug":"ettevottest","status":"publish","type":"page","link":"https:\/\/www.ensol.ee\/et\/ettevottest\/","title":{"rendered":"Ettev\u00f5ttest"},"content":{"rendered":"<h1>Kvaliteet<\/h1>\n<p>Ensol O\u00dc on p\u00fchendunud k\u00f5rgekvaliteedilise temperatuuri vajavate kaupade maanteetranspordi pakkumisele \u00fcle kogu Euroopa. Igal n\u00e4dalal toimuvad regulaarveod L\u00e4\u00e4ne-Euroopa suundadel, v\u00e4lja kujunenud p\u00f5himarsruudid katavad olulisemad Eesti ettev\u00f5tete turud. Meie tugev partnerv\u00f5rgustik v\u00f5imaldab lisaks regulaarvedudele teostada ka keerukaid erilahendusi.<\/p>\n<p>L\u00e4htume j\u00e4tkusuutliku transpordi arengu printsiipidest. Keskkonnam\u00f5ju minimeerimiseks planeerime efektiivseid marsruute ning kasutame vaid k\u00f5rgeimale standardile vastavaid veovahendeid.<\/p>\n","protected":false},"excerpt":{"rendered":"<p>Kvaliteet Ensol O\u00dc on p\u00fchendunud k\u00f5rgekvaliteedilise temperatuuri vajavate kaupade maanteetranspordi pakkumisele \u00fcle kogu Euroopa. Igal n\u00e4dalal toimuvad regulaarveod L\u00e4\u00e4ne-Euroopa suundadel, v\u00e4lja kujunenud p\u00f5himarsruudid katavad olulisemad Eesti ettev\u00f5tete turud. Meie tugev partnerv\u00f5rgustik v\u00f5imaldab lisaks regulaarvedudele teostada ka keerukaid erilahendusi. L\u00e4htume j\u00e4tkusuutliku transpordi arengu printsiipidest. Keskkonnam\u00f5ju minimeerimiseks planeerime efektiivseid marsruute ning kasutame vaid k\u00f5rgeimale standardile vastavaid veovahendeid.<\/p>\n","protected":false},"author":1,"featured_media":172,"parent":0,"menu_order":0,"comment_status":"closed","ping_status":"closed","template":"templates\/services.php","meta":{"_acf_changed":false,"footnotes":""},"class_list":["post-63","page","type-page","status-publish","has-post-thumbnail","hentry","entry"],"acf":[],"yoast_head":"<!-- This site is optimized with the Yoast SEO plugin v27.0 - https:\/\/yoast.com\/product\/yoast-seo-wordpress\/ -->\n<title>Ettev\u00f5ttest - Ensol<\/title>\n<meta name=\"robots\" content=\"index, follow, max-snippet:-1, max-image-preview:large, max-video-preview:-1\" \/>\n<link rel=\"canonical\" href=\"https:\/\/www.ensol.ee\/et\/ettevottest\/\" \/>\n<meta property=\"og:locale\" content=\"et_EE\" \/>\n<meta property=\"og:type\" content=\"article\" \/>\n<meta property=\"og:title\" content=\"Ettev\u00f5ttest - Ensol\" \/>\n<meta property=\"og:description\" content=\"Kvaliteet Ensol O\u00dc on p\u00fchendunud k\u00f5rgekvaliteedilise temperatuuri vajavate kaupade maanteetranspordi pakkumisele \u00fcle kogu Euroopa. Igal n\u00e4dalal toimuvad regulaarveod L\u00e4\u00e4ne-Euroopa suundadel, v\u00e4lja kujunenud p\u00f5himarsruudid katavad olulisemad Eesti ettev\u00f5tete turud. Meie tugev partnerv\u00f5rgustik v\u00f5imaldab lisaks regulaarvedudele teostada ka keerukaid erilahendusi. L\u00e4htume j\u00e4tkusuutliku transpordi arengu printsiipidest. Keskkonnam\u00f5ju minimeerimiseks planeerime efektiivseid marsruute ning kasutame vaid k\u00f5rgeimale standardile vastavaid veovahendeid.\" \/>\n<meta property=\"og:url\" content=\"https:\/\/www.ensol.ee\/et\/ettevottest\/\" \/>\n<meta property=\"og:site_name\" content=\"Ensol\" \/>\n<meta property=\"article:modified_time\" content=\"2026-02-25T13:21:00+00:00\" \/>\n<meta property=\"og:image\" content=\"https:\/\/www.ensol.ee\/wp-content\/uploads\/2025\/01\/ebe1632c3757ef269f9b1699ed412bc3-1024x768.png\" \/>\n\t<meta property=\"og:image:width\" content=\"1024\" \/>\n\t<meta property=\"og:image:height\" content=\"768\" \/>\n\t<meta property=\"og:image:type\" content=\"image\/png\" \/>\n<meta name=\"twitter:card\" content=\"summary_large_image\" \/>\n<meta name=\"twitter:label1\" content=\"Est. reading time\" \/>\n\t<meta name=\"twitter:data1\" content=\"1 minut\" \/>\n<script type=\"application\/ld+json\" class=\"yoast-schema-graph\">{\"@context\":\"https:\/\/schema.org\",\"@graph\":[{\"@type\":\"WebPage\",\"@id\":\"https:\/\/www.ensol.ee\/et\/ettevottest\/\",\"url\":\"https:\/\/www.ensol.ee\/et\/ettevottest\/\",\"name\":\"Ettev\u00f5ttest - Ensol\",\"isPartOf\":{\"@id\":\"https:\/\/www.ensol.ee\/#website\"},\"primaryImageOfPage\":{\"@id\":\"https:\/\/www.ensol.ee\/et\/ettevottest\/#primaryimage\"},\"image\":{\"@id\":\"https:\/\/www.ensol.ee\/et\/ettevottest\/#primaryimage\"},\"thumbnailUrl\":\"https:\/\/www.ensol.ee\/wp-content\/uploads\/2025\/01\/ebe1632c3757ef269f9b1699ed412bc3.png\",\"datePublished\":\"2025-01-28T12:37:32+00:00\",\"dateModified\":\"2026-02-25T13:21:00+00:00\",\"breadcrumb\":{\"@id\":\"https:\/\/www.ensol.ee\/et\/ettevottest\/#breadcrumb\"},\"inLanguage\":\"et\",\"potentialAction\":[{\"@type\":\"ReadAction\",\"target\":[\"https:\/\/www.ensol.ee\/et\/ettevottest\/\"]}]},{\"@type\":\"ImageObject\",\"inLanguage\":\"et\",\"@id\":\"https:\/\/www.ensol.ee\/et\/ettevottest\/#primaryimage\",\"url\":\"https:\/\/www.ensol.ee\/wp-content\/uploads\/2025\/01\/ebe1632c3757ef269f9b1699ed412bc3.png\",\"contentUrl\":\"https:\/\/www.ensol.ee\/wp-content\/uploads\/2025\/01\/ebe1632c3757ef269f9b1699ed412bc3.png\",\"width\":2001,\"height\":1500},{\"@type\":\"BreadcrumbList\",\"@id\":\"https:\/\/www.ensol.ee\/et\/ettevottest\/#breadcrumb\",\"itemListElement\":[{\"@type\":\"ListItem\",\"position\":1,\"name\":\"Home\",\"item\":\"https:\/\/www.ensol.ee\/et\/\"},{\"@type\":\"ListItem\",\"position\":2,\"name\":\"Ettev\u00f5ttest\"}]},{\"@type\":\"WebSite\",\"@id\":\"https:\/\/www.ensol.ee\/#website\",\"url\":\"https:\/\/www.ensol.ee\/\",\"name\":\"Ensol\",\"description\":\"\",\"publisher\":{\"@id\":\"https:\/\/www.ensol.ee\/#organization\"},\"alternateName\":\"Logistic solutions tailored to your needs\",\"potentialAction\":[{\"@type\":\"SearchAction\",\"target\":{\"@type\":\"EntryPoint\",\"urlTemplate\":\"https:\/\/www.ensol.ee\/?s={search_term_string}\"},\"query-input\":{\"@type\":\"PropertyValueSpecification\",\"valueRequired\":true,\"valueName\":\"search_term_string\"}}],\"inLanguage\":\"et\"},{\"@type\":\"Organization\",\"@id\":\"https:\/\/www.ensol.ee\/#organization\",\"name\":\"Ensol\",\"url\":\"https:\/\/www.ensol.ee\/\",\"logo\":{\"@type\":\"ImageObject\",\"inLanguage\":\"et\",\"@id\":\"https:\/\/www.ensol.ee\/#\/schema\/logo\/image\/\",\"url\":\"https:\/\/www.ensol.ee\/wp-content\/uploads\/2025\/01\/logo.svg\",\"contentUrl\":\"https:\/\/www.ensol.ee\/wp-content\/uploads\/2025\/01\/logo.svg\",\"caption\":\"Ensol\"},\"image\":{\"@id\":\"https:\/\/www.ensol.ee\/#\/schema\/logo\/image\/\"}}]}<\/script>\n<!-- \/ Yoast SEO plugin. -->","yoast_head_json":{"title":"Ettev\u00f5ttest - Ensol","robots":{"index":"index","follow":"follow","max-snippet":"max-snippet:-1","max-image-preview":"max-image-preview:large","max-video-preview":"max-video-preview:-1"},"canonical":"https:\/\/www.ensol.ee\/et\/ettevottest\/","og_locale":"et_EE","og_type":"article","og_title":"Ettev\u00f5ttest - Ensol","og_description":"Kvaliteet Ensol O\u00dc on p\u00fchendunud k\u00f5rgekvaliteedilise temperatuuri vajavate kaupade maanteetranspordi pakkumisele \u00fcle kogu Euroopa. Igal n\u00e4dalal toimuvad regulaarveod L\u00e4\u00e4ne-Euroopa suundadel, v\u00e4lja kujunenud p\u00f5himarsruudid katavad olulisemad Eesti ettev\u00f5tete turud. Meie tugev partnerv\u00f5rgustik v\u00f5imaldab lisaks regulaarvedudele teostada ka keerukaid erilahendusi. L\u00e4htume j\u00e4tkusuutliku transpordi arengu printsiipidest. Keskkonnam\u00f5ju minimeerimiseks planeerime efektiivseid marsruute ning kasutame vaid k\u00f5rgeimale standardile vastavaid veovahendeid.","og_url":"https:\/\/www.ensol.ee\/et\/ettevottest\/","og_site_name":"Ensol","article_modified_time":"2026-02-25T13:21:00+00:00","og_image":[{"width":1024,"height":768,"url":"https:\/\/www.ensol.ee\/wp-content\/uploads\/2025\/01\/ebe1632c3757ef269f9b1699ed412bc3-1024x768.png","type":"image\/png"}],"twitter_card":"summary_large_image","twitter_misc":{"Est. reading time":"1 minut"},"schema":{"@context":"https:\/\/schema.org","@graph":[{"@type":"WebPage","@id":"https:\/\/www.ensol.ee\/et\/ettevottest\/","url":"https:\/\/www.ensol.ee\/et\/ettevottest\/","name":"Ettev\u00f5ttest - Ensol","isPartOf":{"@id":"https:\/\/www.ensol.ee\/#website"},"primaryImageOfPage":{"@id":"https:\/\/www.ensol.ee\/et\/ettevottest\/#primaryimage"},"image":{"@id":"https:\/\/www.ensol.ee\/et\/ettevottest\/#primaryimage"},"thumbnailUrl":"https:\/\/www.ensol.ee\/wp-content\/uploads\/2025\/01\/ebe1632c3757ef269f9b1699ed412bc3.png","datePublished":"2025-01-28T12:37:32+00:00","dateModified":"2026-02-25T13:21:00+00:00","breadcrumb":{"@id":"https:\/\/www.ensol.ee\/et\/ettevottest\/#breadcrumb"},"inLanguage":"et","potentialAction":[{"@type":"ReadAction","target":["https:\/\/www.ensol.ee\/et\/ettevottest\/"]}]},{"@type":"ImageObject","inLanguage":"et","@id":"https:\/\/www.ensol.ee\/et\/ettevottest\/#primaryimage","url":"https:\/\/www.ensol.ee\/wp-content\/uploads\/2025\/01\/ebe1632c3757ef269f9b1699ed412bc3.png","contentUrl":"https:\/\/www.ensol.ee\/wp-content\/uploads\/2025\/01\/ebe1632c3757ef269f9b1699ed412bc3.png","width":2001,"height":1500},{"@type":"BreadcrumbList","@id":"https:\/\/www.ensol.ee\/et\/ettevottest\/#breadcrumb","itemListElement":[{"@type":"ListItem","position":1,"name":"Home","item":"https:\/\/www.ensol.ee\/et\/"},{"@type":"ListItem","position":2,"name":"Ettev\u00f5ttest"}]},{"@type":"WebSite","@id":"https:\/\/www.ensol.ee\/#website","url":"https:\/\/www.ensol.ee\/","name":"Ensol","description":"","publisher":{"@id":"https:\/\/www.ensol.ee\/#organization"},"alternateName":"Logistic solutions tailored to your needs","potentialAction":[{"@type":"SearchAction","target":{"@type":"EntryPoint","urlTemplate":"https:\/\/www.ensol.ee\/?s={search_term_string}"},"query-input":{"@type":"PropertyValueSpecification","valueRequired":true,"valueName":"search_term_string"}}],"inLanguage":"et"},{"@type":"Organization","@id":"https:\/\/www.ensol.ee\/#organization","name":"Ensol","url":"https:\/\/www.ensol.ee\/","logo":{"@type":"ImageObject","inLanguage":"et","@id":"https:\/\/www.ensol.ee\/#\/schema\/logo\/image\/","url":"https:\/\/www.ensol.ee\/wp-content\/uploads\/2025\/01\/logo.svg","contentUrl":"https:\/\/www.ensol.ee\/wp-content\/uploads\/2025\/01\/logo.svg","caption":"Ensol"},"image":{"@id":"https:\/\/www.ensol.ee\/#\/schema\/logo\/image\/"}}]}},"_links":{"self":[{"href":"https:\/\/www.ensol.ee\/et\/wp-json\/wp\/v2\/pages\/63","targetHints":{"allow":["GET"]}}],"collection":[{"href":"https:\/\/www.ensol.ee\/et\/wp-json\/wp\/v2\/pages"}],"about":[{"href":"https:\/\/www.ensol.ee\/et\/wp-json\/wp\/v2\/types\/page"}],"author":[{"embeddable":true,"href":"https:\/\/www.ensol.ee\/et\/wp-json\/wp\/v2\/users\/1"}],"replies":[{"embeddable":true,"href":"https:\/\/www.ensol.ee\/et\/wp-json\/wp\/v2\/comments?post=63"}],"version-history":[{"count":5,"href":"https:\/\/www.ensol.ee\/et\/wp-json\/wp\/v2\/pages\/63\/revisions"}],"predecessor-version":[{"id":461,"href":"https:\/\/www.ensol.ee\/et\/wp-json\/wp\/v2\/pages\/63\/revisions\/461"}],"wp:featuredmedia":[{"embeddable":true,"href":"https:\/\/www.ensol.ee\/et\/wp-json\/wp\/v2\/media\/172"}],"wp:attachment":[{"href":"https:\/\/www.ensol.ee\/et\/wp-json\/wp\/v2\/media?parent=63"}],"curies":[{"name":"wp","href":"https:\/\/api.w.org\/{rel}","templated":true}]}}